{"id":17912,"date":"2025-07-04T10:15:38","date_gmt":"2025-07-04T08:15:38","guid":{"rendered":"https:\/\/www.icpf.cas.cz\/?page_id=17912"},"modified":"2025-07-15T18:56:48","modified_gmt":"2025-07-15T16:56:48","slug":"bazant-postgraduate-conference-2024","status":"publish","type":"page","link":"https:\/\/www.icpf.cas.cz\/en\/science-and-research\/bazant-graduate-conference\/bazant-postgraduate-conference-2024\/","title":{"rendered":"Ba\u017eant Postgraduate Conference 2024"},"content":{"rendered":"<p style=\"text-align: justify;\">Ba\u017eant Postgraduate Conference took place on 5 and 6 June, with a total of 19 presentations delivered. The jury, consisting of members of the Commission for the Education of Scientific Workers (KVV) (J. Tihon, R. Fajgar, K. Soukup, S. Orvalho, I. Br\u00e1nyikov\u00e1, and V. \u017dd\u00edmal) and external experts (Josef \u0160imek from UJEP, Martin H\u00e1jek from the University of Pardubice, Pavl\u00edna Basa\u0159ov\u00e1, and Dr. Bendov\u00e1 from UCT Prague), decided to award the best talks in two categories (1<sup>st<\/sup> to 2<sup>nd<\/sup> year and 3<sup>rd<\/sup> to 4<sup>th<\/sup> year).<\/p>\n<ul>\n<li><a href=\"https:\/\/www.icpf.cas.cz\/wp-content\/uploads\/2025\/07\/Program_Bazantova_konference_2024.pdf\" target=\"_blank\" rel=\"noopener\"><strong>Ba\u017eant Conference Program 2024<\/strong><\/a><\/li>\n<li><a href=\"https:\/\/www.icpf.cas.cz\/wp-content\/uploads\/2025\/07\/SbornikBazant2024-3.pdf\" target=\"_blank\" rel=\"noopener\"><strong>Proceedings of Abstracts from Ba\u017eant Postgraduate Conference 2024<\/strong><\/a><\/li>\n<li><strong>Photogallery<\/strong> &#8211; see below<\/li>\n<\/ul>\n<p>&nbsp;<\/p>\n<p style=\"text-align: center;\"><span style=\"font-size: 14pt;\"><strong>Results of the Ba\u017eant Postgraduate Conference 2024<\/strong><\/span><\/p>\n<div data-label=\"h1\">\n<p style=\"text-align: center;\"><strong>First- to Second-year Students<\/strong><\/p>\n<\/div>\n<p><a href=\"https:\/\/www.icpf.cas.cz\/wp-content\/uploads\/2024\/06\/Picture-1.jpg\" data-rel=\"lightbox-image-0\" data-rl_title=\"\" data-rl_caption=\"\" title=\"\"><img loading=\"lazy\" decoding=\"async\" class=\"alignnone wp-image-15918 aligncenter\" src=\"https:\/\/www.icpf.cas.cz\/wp-content\/uploads\/2024\/06\/Picture-1-1024x763.jpg\" alt=\"\" width=\"411\" height=\"306\" srcset=\"https:\/\/www.icpf.cas.cz\/wp-content\/uploads\/2024\/06\/Picture-1-1024x763.jpg 1024w, https:\/\/www.icpf.cas.cz\/wp-content\/uploads\/2024\/06\/Picture-1-300x223.jpg 300w, https:\/\/www.icpf.cas.cz\/wp-content\/uploads\/2024\/06\/Picture-1-768x572.jpg 768w, https:\/\/www.icpf.cas.cz\/wp-content\/uploads\/2024\/06\/Picture-1-295x220.jpg 295w, https:\/\/www.icpf.cas.cz\/wp-content\/uploads\/2024\/06\/Picture-1.jpg 1304w\" sizes=\"auto, (max-width: 411px) 100vw, 411px\" \/><\/a><\/p>\n<p>1<sup>st<\/sup> place: <strong>Kate\u0159ina Nykl\u00ed\u010dkov\u00e1<\/strong>: <em>The Influence of Geometric Parameters of 3D Printed Structured Beds on Hydrodynamic Characteristics of Trickle-Bed Reactor<\/em><\/p>\n<p>2<sup>nd<\/sup> places (ex-aequo): <strong>Mark Terentyak<\/strong>: <em>Axial Dispersion and Mass Transfer in Bubble Column <\/em>and <strong>Claudia V\u00e1squez<\/strong>: <em>Cultivation of Limnospira maxima and Utilization of its Fresh Biomass in Human Nutrition<\/em><\/p>\n<p>3<sup>rd<\/sup> place: <strong>Tereza Semlerov\u00e1<\/strong>: <em>Bubble Breakup in Triton Solutions<\/em><\/p>\n<p>&nbsp;<\/p>\n<p style=\"text-align: center;\"><strong>Third- to Fourth-year Students<\/strong><\/p>\n<p><a href=\"https:\/\/www.icpf.cas.cz\/wp-content\/uploads\/2024\/06\/Picture-2.jpg\" data-rel=\"lightbox-image-1\" data-rl_title=\"\" data-rl_caption=\"\" title=\"\"><img loading=\"lazy\" decoding=\"async\" class=\"alignnone wp-image-15920 aligncenter\" src=\"https:\/\/www.icpf.cas.cz\/wp-content\/uploads\/2024\/06\/Picture-2.jpg\" alt=\"\" width=\"314\" height=\"321\" srcset=\"https:\/\/www.icpf.cas.cz\/wp-content\/uploads\/2024\/06\/Picture-2.jpg 944w, https:\/\/www.icpf.cas.cz\/wp-content\/uploads\/2024\/06\/Picture-2-293x300.jpg 293w, https:\/\/www.icpf.cas.cz\/wp-content\/uploads\/2024\/06\/Picture-2-768x785.jpg 768w, https:\/\/www.icpf.cas.cz\/wp-content\/uploads\/2024\/06\/Picture-2-215x220.jpg 215w\" sizes=\"auto, (max-width: 314px) 100vw, 314px\" \/><\/a><\/p>\n<p>1<sup>st<\/sup> place:\u00a0 <strong>Jan \u010c\u00ed\u017eek<\/strong>: <em>Development of Polymeric Enantioselective Membranes<\/em><\/p>\n<p>2<sup>nd<\/sup> place: <strong>Lenka Such\u00e1nkov\u00e1<\/strong>: <em>Multi-annual Characterization of PM1 Aerosol Optical Properties and Size Distribution at the Peri-Urban Atmospheric Site ATOLL in Lille<\/em><\/p>\n<p>3<sup>rd<\/sup> place: <strong>Mat\u011bj Hu\u0161ek<\/strong>: <em>Emerging Contaminants in Sewage Sludge: Analysis and Their Removal by Pyrolysis<\/em><\/p>\n<p>&nbsp;<\/p>\n<h2>Photogallery from <strong>Ba\u017eant Postgraduate Conference 2024<\/strong><\/h2>\n<div class=\"grid grid--center offset-bottom\"><div class=\"grid__item grid__item--sixth offset-bottom\"><a href=\"https:\/\/www.icpf.cas.cz\/wp-content\/uploads\/2024\/06\/Bazant2024_Zoom-1.jpg\" rel=\"lightbox\" data-rel=\"lightbox-image-2\" data-rl_title=\"\" data-rl_caption=\"\" title=\"\"><img decoding=\"async\" src=\"https:\/\/www.icpf.cas.cz\/wp-content\/uploads\/2024\/06\/Bazant2024_Zoom-1-150x150.jpg\" class=\"image-responsive\" alt=\"\"><\/a><\/div><div class=\"grid__item grid__item--sixth offset-bottom\"><a href=\"https:\/\/www.icpf.cas.cz\/wp-content\/uploads\/2024\/06\/Bazant2024_Winners-young-1.jpg\" rel=\"lightbox\" data-rel=\"lightbox-image-3\" data-rl_title=\"\" data-rl_caption=\"\" title=\"\"><img decoding=\"async\" src=\"https:\/\/www.icpf.cas.cz\/wp-content\/uploads\/2024\/06\/Bazant2024_Winners-young-1-150x150.jpg\" class=\"image-responsive\" alt=\"\"><\/a><\/div><div class=\"grid__item grid__item--sixth offset-bottom\"><a href=\"https:\/\/www.icpf.cas.cz\/wp-content\/uploads\/2024\/06\/Bazant2024_Winners-old2-1.jpg\" rel=\"lightbox\" data-rel=\"lightbox-image-4\" data-rl_title=\"\" data-rl_caption=\"\" title=\"\"><img decoding=\"async\" src=\"https:\/\/www.icpf.cas.cz\/wp-content\/uploads\/2024\/06\/Bazant2024_Winners-old2-1-150x150.jpg\" class=\"image-responsive\" alt=\"\"><\/a><\/div><div class=\"grid__item grid__item--sixth offset-bottom\"><a href=\"https:\/\/www.icpf.cas.cz\/wp-content\/uploads\/2024\/06\/Bazant2024_Winners-old-1.jpg\" rel=\"lightbox\" data-rel=\"lightbox-image-5\" data-rl_title=\"\" data-rl_caption=\"\" title=\"\"><img decoding=\"async\" src=\"https:\/\/www.icpf.cas.cz\/wp-content\/uploads\/2024\/06\/Bazant2024_Winners-old-1-150x150.jpg\" class=\"image-responsive\" alt=\"\"><\/a><\/div><div class=\"grid__item grid__item--sixth offset-bottom\"><a href=\"https:\/\/www.icpf.cas.cz\/wp-content\/uploads\/2024\/06\/Bazant2024_Winners-2ndplace-1.jpg\" rel=\"lightbox\" data-rel=\"lightbox-image-6\" data-rl_title=\"\" data-rl_caption=\"\" title=\"\"><img decoding=\"async\" src=\"https:\/\/www.icpf.cas.cz\/wp-content\/uploads\/2024\/06\/Bazant2024_Winners-2ndplace-1-150x150.jpg\" class=\"image-responsive\" alt=\"\"><\/a><\/div><div class=\"grid__item grid__item--sixth offset-bottom\"><a href=\"https:\/\/www.icpf.cas.cz\/wp-content\/uploads\/2024\/06\/Bazant2024_Winners-1stplace-1.jpg\" rel=\"lightbox\" data-rel=\"lightbox-image-7\" data-rl_title=\"\" data-rl_caption=\"\" title=\"\"><img decoding=\"async\" src=\"https:\/\/www.icpf.cas.cz\/wp-content\/uploads\/2024\/06\/Bazant2024_Winners-1stplace-1-150x150.jpg\" class=\"image-responsive\" alt=\"\"><\/a><\/div><div class=\"grid__item grid__item--sixth offset-bottom\"><a href=\"https:\/\/www.icpf.cas.cz\/wp-content\/uploads\/2024\/06\/Bazant2024_VaclavHarrandt-1.jpg\" rel=\"lightbox\" data-rel=\"lightbox-image-8\" data-rl_title=\"\" data-rl_caption=\"\" title=\"\"><img decoding=\"async\" src=\"https:\/\/www.icpf.cas.cz\/wp-content\/uploads\/2024\/06\/Bazant2024_VaclavHarrandt-1-150x150.jpg\" class=\"image-responsive\" alt=\"\"><\/a><\/div><div class=\"grid__item grid__item--sixth offset-bottom\"><a href=\"https:\/\/www.icpf.cas.cz\/wp-content\/uploads\/2024\/06\/Bazant2024_TerezaSemlerova-1.jpg\" rel=\"lightbox\" data-rel=\"lightbox-image-9\" data-rl_title=\"\" data-rl_caption=\"\" title=\"\"><img decoding=\"async\" src=\"https:\/\/www.icpf.cas.cz\/wp-content\/uploads\/2024\/06\/Bazant2024_TerezaSemlerova-1-150x150.jpg\" class=\"image-responsive\" alt=\"\"><\/a><\/div><div class=\"grid__item grid__item--sixth offset-bottom\"><a href=\"https:\/\/www.icpf.cas.cz\/wp-content\/uploads\/2024\/06\/Bazant2024_Publikum-1.jpg\" rel=\"lightbox\" data-rel=\"lightbox-image-10\" data-rl_title=\"\" data-rl_caption=\"\" title=\"\"><img decoding=\"async\" src=\"https:\/\/www.icpf.cas.cz\/wp-content\/uploads\/2024\/06\/Bazant2024_Publikum-1-150x150.jpg\" class=\"image-responsive\" alt=\"\"><\/a><\/div><div class=\"grid__item grid__item--sixth offset-bottom\"><a href=\"https:\/\/www.icpf.cas.cz\/wp-content\/uploads\/2024\/06\/Bazant2024_Porota2-1.jpg\" rel=\"lightbox\" data-rel=\"lightbox-image-11\" data-rl_title=\"\" data-rl_caption=\"\" title=\"\"><img decoding=\"async\" src=\"https:\/\/www.icpf.cas.cz\/wp-content\/uploads\/2024\/06\/Bazant2024_Porota2-1-150x150.jpg\" class=\"image-responsive\" alt=\"\"><\/a><\/div><div class=\"grid__item grid__item--sixth offset-bottom\"><a href=\"https:\/\/www.icpf.cas.cz\/wp-content\/uploads\/2024\/06\/Bazant2024_Porota-1.jpg\" rel=\"lightbox\" data-rel=\"lightbox-image-12\" data-rl_title=\"\" data-rl_caption=\"\" title=\"\"><img decoding=\"async\" src=\"https:\/\/www.icpf.cas.cz\/wp-content\/uploads\/2024\/06\/Bazant2024_Porota-1-150x150.jpg\" class=\"image-responsive\" alt=\"\"><\/a><\/div><div class=\"grid__item grid__item--sixth offset-bottom\"><a href=\"https:\/\/www.icpf.cas.cz\/wp-content\/uploads\/2024\/06\/Bazant2024_PetraMusalkova-1.jpg\" rel=\"lightbox\" data-rel=\"lightbox-image-13\" data-rl_title=\"\" data-rl_caption=\"\" title=\"\"><img decoding=\"async\" src=\"https:\/\/www.icpf.cas.cz\/wp-content\/uploads\/2024\/06\/Bazant2024_PetraMusalkova-1-150x150.jpg\" class=\"image-responsive\" alt=\"\"><\/a><\/div><div class=\"grid__item grid__item--sixth offset-bottom\"><a href=\"https:\/\/www.icpf.cas.cz\/wp-content\/uploads\/2024\/06\/Bazant2024_MatejHusek-1.jpg\" rel=\"lightbox\" data-rel=\"lightbox-image-14\" data-rl_title=\"\" data-rl_caption=\"\" title=\"\"><img decoding=\"async\" src=\"https:\/\/www.icpf.cas.cz\/wp-content\/uploads\/2024\/06\/Bazant2024_MatejHusek-1-150x150.jpg\" class=\"image-responsive\" alt=\"\"><\/a><\/div><div class=\"grid__item grid__item--sixth offset-bottom\"><a href=\"https:\/\/www.icpf.cas.cz\/wp-content\/uploads\/2024\/06\/Bazant2024_MarkTerentyak-1.jpg\" rel=\"lightbox\" data-rel=\"lightbox-image-15\" data-rl_title=\"\" data-rl_caption=\"\" title=\"\"><img decoding=\"async\" src=\"https:\/\/www.icpf.cas.cz\/wp-content\/uploads\/2024\/06\/Bazant2024_MarkTerentyak-1-150x150.jpg\" class=\"image-responsive\" alt=\"\"><\/a><\/div><div class=\"grid__item grid__item--sixth offset-bottom\"><a href=\"https:\/\/www.icpf.cas.cz\/wp-content\/uploads\/2024\/06\/Bazant2024_LenkaSuchankova2-1.jpg\" rel=\"lightbox\" data-rel=\"lightbox-image-16\" data-rl_title=\"\" data-rl_caption=\"\" title=\"\"><img decoding=\"async\" src=\"https:\/\/www.icpf.cas.cz\/wp-content\/uploads\/2024\/06\/Bazant2024_LenkaSuchankova2-1-150x150.jpg\" class=\"image-responsive\" alt=\"\"><\/a><\/div><div class=\"grid__item grid__item--sixth offset-bottom\"><a href=\"https:\/\/www.icpf.cas.cz\/wp-content\/uploads\/2024\/06\/Bazant2024_LenkaSuchankova-1.jpg\" rel=\"lightbox\" data-rel=\"lightbox-image-17\" data-rl_title=\"\" data-rl_caption=\"\" title=\"\"><img decoding=\"async\" src=\"https:\/\/www.icpf.cas.cz\/wp-content\/uploads\/2024\/06\/Bazant2024_LenkaSuchankova-1-150x150.jpg\" class=\"image-responsive\" alt=\"\"><\/a><\/div><div class=\"grid__item grid__item--sixth offset-bottom\"><a href=\"https:\/\/www.icpf.cas.cz\/wp-content\/uploads\/2024\/06\/Bazant2024_KaterinaNyklickova-1.jpg\" rel=\"lightbox\" data-rel=\"lightbox-image-18\" data-rl_title=\"\" data-rl_caption=\"\" title=\"\"><img decoding=\"async\" src=\"https:\/\/www.icpf.cas.cz\/wp-content\/uploads\/2024\/06\/Bazant2024_KaterinaNyklickova-1-150x150.jpg\" class=\"image-responsive\" alt=\"\"><\/a><\/div><div class=\"grid__item grid__item--sixth offset-bottom\"><a href=\"https:\/\/www.icpf.cas.cz\/wp-content\/uploads\/2024\/06\/Bazant2024_JiriKovarik-1.jpg\" rel=\"lightbox\" data-rel=\"lightbox-image-19\" data-rl_title=\"\" data-rl_caption=\"\" title=\"\"><img decoding=\"async\" src=\"https:\/\/www.icpf.cas.cz\/wp-content\/uploads\/2024\/06\/Bazant2024_JiriKovarik-1-150x150.jpg\" class=\"image-responsive\" alt=\"\"><\/a><\/div><div class=\"grid__item grid__item--sixth offset-bottom\"><a href=\"https:\/\/www.icpf.cas.cz\/wp-content\/uploads\/2024\/06\/Bazant2024_JanCizek-1.jpg\" rel=\"lightbox\" data-rel=\"lightbox-image-20\" data-rl_title=\"\" data-rl_caption=\"\" title=\"\"><img decoding=\"async\" src=\"https:\/\/www.icpf.cas.cz\/wp-content\/uploads\/2024\/06\/Bazant2024_JanCizek-1-150x150.jpg\" class=\"image-responsive\" alt=\"\"><\/a><\/div><div class=\"grid__item grid__item--sixth offset-bottom\"><a href=\"https:\/\/www.icpf.cas.cz\/wp-content\/uploads\/2024\/06\/Bazant2024_DominikSchimon-1.jpg\" rel=\"lightbox\" data-rel=\"lightbox-image-21\" data-rl_title=\"\" data-rl_caption=\"\" title=\"\"><img decoding=\"async\" src=\"https:\/\/www.icpf.cas.cz\/wp-content\/uploads\/2024\/06\/Bazant2024_DominikSchimon-1-150x150.jpg\" class=\"image-responsive\" alt=\"\"><\/a><\/div><div class=\"grid__item grid__item--sixth offset-bottom\"><a href=\"https:\/\/www.icpf.cas.cz\/wp-content\/uploads\/2024\/06\/Bazant2024_Diskuse2-1.jpg\" rel=\"lightbox\" data-rel=\"lightbox-image-22\" data-rl_title=\"\" data-rl_caption=\"\" title=\"\"><img decoding=\"async\" src=\"https:\/\/www.icpf.cas.cz\/wp-content\/uploads\/2024\/06\/Bazant2024_Diskuse2-1-150x150.jpg\" class=\"image-responsive\" alt=\"\"><\/a><\/div><div class=\"grid__item grid__item--sixth offset-bottom\"><a href=\"https:\/\/www.icpf.cas.cz\/wp-content\/uploads\/2024\/06\/Bazant2024_Diskuse-1.jpg\" rel=\"lightbox\" data-rel=\"lightbox-image-23\" data-rl_title=\"\" data-rl_caption=\"\" title=\"\"><img decoding=\"async\" src=\"https:\/\/www.icpf.cas.cz\/wp-content\/uploads\/2024\/06\/Bazant2024_Diskuse-1-150x150.jpg\" class=\"image-responsive\" alt=\"\"><\/a><\/div><div class=\"grid__item grid__item--sixth offset-bottom\"><a href=\"https:\/\/www.icpf.cas.cz\/wp-content\/uploads\/2024\/06\/Bazant2024_ClaudiaVasquez-1.jpg\" rel=\"lightbox\" data-rel=\"lightbox-image-24\" data-rl_title=\"\" data-rl_caption=\"\" title=\"\"><img decoding=\"async\" src=\"https:\/\/www.icpf.cas.cz\/wp-content\/uploads\/2024\/06\/Bazant2024_ClaudiaVasquez-1-150x150.jpg\" class=\"image-responsive\" alt=\"\"><\/a><\/div><div class=\"grid__item grid__item--sixth offset-bottom\"><a href=\"https:\/\/www.icpf.cas.cz\/wp-content\/uploads\/2024\/06\/Bazant2024_AntoninSperlich-1.jpg\" rel=\"lightbox\" data-rel=\"lightbox-image-25\" data-rl_title=\"\" data-rl_caption=\"\" title=\"\"><img decoding=\"async\" src=\"https:\/\/www.icpf.cas.cz\/wp-content\/uploads\/2024\/06\/Bazant2024_AntoninSperlich-1-150x150.jpg\" class=\"image-responsive\" alt=\"\"><\/a><\/div><div class=\"grid__item grid__item--sixth offset-bottom\"><a href=\"https:\/\/www.icpf.cas.cz\/wp-content\/uploads\/2024\/06\/Bazant2024_AnnaParikova-1.jpg\" rel=\"lightbox\" data-rel=\"lightbox-image-26\" data-rl_title=\"\" data-rl_caption=\"\" title=\"\"><img decoding=\"async\" src=\"https:\/\/www.icpf.cas.cz\/wp-content\/uploads\/2024\/06\/Bazant2024_AnnaParikova-1-150x150.jpg\" class=\"image-responsive\" alt=\"\"><\/a><\/div><div class=\"grid__item grid__item--sixth offset-bottom\"><a href=\"https:\/\/www.icpf.cas.cz\/wp-content\/uploads\/2024\/06\/Bazant2024_AnnaKokavcova-1.jpg\" rel=\"lightbox\" data-rel=\"lightbox-image-27\" data-rl_title=\"\" data-rl_caption=\"\" title=\"\"><img decoding=\"async\" src=\"https:\/\/www.icpf.cas.cz\/wp-content\/uploads\/2024\/06\/Bazant2024_AnnaKokavcova-1-150x150.jpg\" class=\"image-responsive\" alt=\"\"><\/a><\/div><div class=\"grid__item grid__item--sixth offset-bottom\"><a href=\"https:\/\/www.icpf.cas.cz\/wp-content\/uploads\/2024\/06\/Bazant2024_AnasthasiaShtukaturova-1.jpg\" rel=\"lightbox\" data-rel=\"lightbox-image-28\" data-rl_title=\"\" data-rl_caption=\"\" title=\"\"><img decoding=\"async\" src=\"https:\/\/www.icpf.cas.cz\/wp-content\/uploads\/2024\/06\/Bazant2024_AnasthasiaShtukaturova-1-150x150.jpg\" class=\"image-responsive\" alt=\"\"><\/a><\/div><div class=\"grid__item grid__item--sixth offset-bottom\"><a href=\"https:\/\/www.icpf.cas.cz\/wp-content\/uploads\/2024\/06\/Bazant2024_AlesKrcil-1-scaled.jpg\" rel=\"lightbox\" data-rel=\"lightbox-image-29\" data-rl_title=\"\" data-rl_caption=\"\" title=\"\"><img decoding=\"async\" src=\"https:\/\/www.icpf.cas.cz\/wp-content\/uploads\/2024\/06\/Bazant2024_AlesKrcil-1-scaled-150x150.jpg\" class=\"image-responsive\" alt=\"\"><\/a><\/div><\/div>\n<p>&nbsp;<\/p>\n<div data-label=\"h1\">\u00a0<\/div>\n","protected":false},"excerpt":{"rendered":"<p>Ba\u017eant Postgraduate Conference took place on 5 and 6 June, with a total of 19 presentations delivered. The jury, consisting of members of the Commission for the Education of Scientific Workers (KVV) (J. Tihon, R. Fajgar, K. Soukup, S. Orvalho, I. Br\u00e1nyikov\u00e1, and V. \u017dd\u00edmal) and external experts (Josef \u0160imek from UJEP, Martin H\u00e1jek from&hellip;<\/p>\n","protected":false},"author":19,"featured_media":0,"parent":17868,"menu_order":0,"comment_status":"closed","ping_status":"closed","template":"","meta":{"_acf_changed":false,"footnotes":""},"class_list":["post-17912","page","type-page","status-publish","hentry"],"acf":[],"_links":{"self":[{"href":"https:\/\/www.icpf.cas.cz\/en\/wp-json\/wp\/v2\/pages\/17912","targetHints":{"allow":["GET"]}}],"collection":[{"href":"https:\/\/www.icpf.cas.cz\/en\/wp-json\/wp\/v2\/pages"}],"about":[{"href":"https:\/\/www.icpf.cas.cz\/en\/wp-json\/wp\/v2\/types\/page"}],"author":[{"embeddable":true,"href":"https:\/\/www.icpf.cas.cz\/en\/wp-json\/wp\/v2\/users\/19"}],"replies":[{"embeddable":true,"href":"https:\/\/www.icpf.cas.cz\/en\/wp-json\/wp\/v2\/comments?post=17912"}],"version-history":[{"count":7,"href":"https:\/\/www.icpf.cas.cz\/en\/wp-json\/wp\/v2\/pages\/17912\/revisions"}],"predecessor-version":[{"id":18183,"href":"https:\/\/www.icpf.cas.cz\/en\/wp-json\/wp\/v2\/pages\/17912\/revisions\/18183"}],"up":[{"embeddable":true,"href":"https:\/\/www.icpf.cas.cz\/en\/wp-json\/wp\/v2\/pages\/17868"}],"wp:attachment":[{"href":"https:\/\/www.icpf.cas.cz\/en\/wp-json\/wp\/v2\/media?parent=17912"}],"curies":[{"name":"wp","href":"https:\/\/api.w.org\/{rel}","templated":true}]}}