{"id":17939,"date":"2025-07-14T08:12:20","date_gmt":"2025-07-14T06:12:20","guid":{"rendered":"https:\/\/www.icpf.cas.cz\/?page_id=17939"},"modified":"2025-07-15T19:01:43","modified_gmt":"2025-07-15T17:01:43","slug":"bazant-postgraduate-conference-2023","status":"publish","type":"page","link":"https:\/\/www.icpf.cas.cz\/en\/science-and-research\/bazant-graduate-conference\/bazant-postgraduate-conference-2023\/","title":{"rendered":"Ba\u017eant Postgraduate Conference 2023"},"content":{"rendered":"<p style=\"text-align: justify;\"><span class=\"HwtZe\" lang=\"en\"><span class=\"jCAhz ChMk0b\"><span class=\"ryNqvb\">The Ba\u017eant Postgraduate Conference took place on May 31 and June 1, 2023. The evaluation committee (for the KVV: M. Bendov\u00e1, R. Fajgar, K. Soukup, J. Tihon, and I. Br\u00e1nyikov\u00e1; external members: Prof. Pavl\u00edna Basa\u0159ov\u00e1 from the UCT Prague and Assoc. Prof. Ji\u0159\u00ed Miky\u0161ka from the CTU) assessed 22 contributions in three categories<\/span><\/span><\/span>.<\/p>\n<ul>\n<li><a href=\"https:\/\/www.icpf.cas.cz\/wp-content\/uploads\/2025\/07\/program_2023.pdf\" target=\"_blank\" rel=\"noopener\"><strong>Ba\u017eant Conference Program 2023<\/strong><\/a><\/li>\n<li><a href=\"https:\/\/www.icpf.cas.cz\/wp-content\/uploads\/2025\/07\/SbornikBazant2023.pdf\" target=\"_blank\" rel=\"noopener\"><strong>Proceedings of Abstracts from Ba\u017eant Postgraduate Conference 2023<\/strong><\/a><\/li>\n<li><a href=\"https:\/\/hroch486.icpf.cas.cz\/BazantovaKonferenceDoktorandu\/2023\/\" target=\"_blank\" rel=\"noopener\"><strong>Photogallery I<\/strong><\/a> and <a href=\"https:\/\/hroch486.icpf.cas.cz\/BazantovaKonferenceDoktorandu\/2023awards\/\" target=\"_blank\" rel=\"noopener\"><strong>Photogallery II (Results)<\/strong><\/a><\/li>\n<li><strong><a href=\"https:\/\/youtube.com\/playlist?list=PL5EDKrEXcpOs1_-qHGl01xLnRnn32eLjF\">Record from Ba\u017eant Conference 2023 on YouTube<\/a><\/strong><\/li>\n<\/ul>\n<p>&nbsp;<\/p>\n<div class=\"text \">\n<h3 style=\"text-align: center;\"><strong>Results of the Ba\u017eant Postgraduate Conference 2023<\/strong><\/h3>\n<\/div>\n<p class=\"Standard\" style=\"text-align: center;\"><span lang=\"EN-US\"><strong>First-year Students<\/strong><\/p>\n<p>1<sup>st<\/sup> place: <a href=\"https:\/\/www.icpf.cas.cz\/zamestnanec\/automaticky-vytvoreny-koncept-37\/\" target=\"_blank\" rel=\"noopener\">Ing. Claudia V\u00e1squez<\/a> <em>Cultivation of Limnospira maxima and utilization of its fresh biomass in human nutrition<\/em><\/span><\/p>\n<table style=\"width: 100.013%;\">\n<tbody>\n<tr>\n<td style=\"text-align: justify; width: 45.9854%;\"><a href=\"https:\/\/www.icpf.cas.cz\/wp-content\/uploads\/2023\/06\/Picture-2.jpg\" data-rel=\"lightbox-image-0\" data-rl_title=\"\" data-rl_caption=\"\" title=\"\"><img loading=\"lazy\" decoding=\"async\" class=\"wp-image-12217 alignright\" src=\"https:\/\/www.icpf.cas.cz\/wp-content\/uploads\/2023\/06\/Picture-2-879x1024.jpg\" alt=\"\" width=\"235\" height=\"274\" srcset=\"https:\/\/www.icpf.cas.cz\/wp-content\/uploads\/2023\/06\/Picture-2-879x1024.jpg 879w, https:\/\/www.icpf.cas.cz\/wp-content\/uploads\/2023\/06\/Picture-2-258x300.jpg 258w, https:\/\/www.icpf.cas.cz\/wp-content\/uploads\/2023\/06\/Picture-2-768x894.jpg 768w, https:\/\/www.icpf.cas.cz\/wp-content\/uploads\/2023\/06\/Picture-2-189x220.jpg 189w, https:\/\/www.icpf.cas.cz\/wp-content\/uploads\/2023\/06\/Picture-2.jpg 912w\" sizes=\"auto, (max-width: 235px) 100vw, 235px\" \/><\/a><\/td>\n<td style=\"text-align: justify; width: 159.466%;\"><a href=\"https:\/\/www.icpf.cas.cz\/wp-content\/uploads\/2023\/06\/Picture-1.jpg\" data-rel=\"lightbox-image-1\" data-rl_title=\"\" data-rl_caption=\"\" title=\"\"><img loading=\"lazy\" decoding=\"async\" class=\"wp-image-12215 alignleft\" src=\"https:\/\/www.icpf.cas.cz\/wp-content\/uploads\/2023\/06\/Picture-1-1024x1016.jpg\" alt=\"\" width=\"271\" height=\"269\" srcset=\"https:\/\/www.icpf.cas.cz\/wp-content\/uploads\/2023\/06\/Picture-1-1024x1016.jpg 1024w, https:\/\/www.icpf.cas.cz\/wp-content\/uploads\/2023\/06\/Picture-1-300x298.jpg 300w, https:\/\/www.icpf.cas.cz\/wp-content\/uploads\/2023\/06\/Picture-1-150x150.jpg 150w, https:\/\/www.icpf.cas.cz\/wp-content\/uploads\/2023\/06\/Picture-1-768x762.jpg 768w, https:\/\/www.icpf.cas.cz\/wp-content\/uploads\/2023\/06\/Picture-1-222x220.jpg 222w, https:\/\/www.icpf.cas.cz\/wp-content\/uploads\/2023\/06\/Picture-1.jpg 1066w\" sizes=\"auto, (max-width: 271px) 100vw, 271px\" \/><\/a><\/td>\n<\/tr>\n<\/tbody>\n<\/table>\n<p class=\"Standard\" style=\"text-align: center;\"><span lang=\"EN-US\">2<sup>nd<\/sup> place: <a href=\"https:\/\/www.icpf.cas.cz\/zamestnanec\/automaticky-vytvoreny-koncept-5\/\" target=\"_blank\" rel=\"noopener\">Mgr. V\u00e1clav Harrandt<\/a> <em>The electrodiffusional theory for wall shear stress measurement by the two-strip probe: journey to near-wall region hydrodynamics<\/em><\/span><\/p>\n<table style=\"width: 100.989%;\">\n<tbody>\n<tr>\n<td style=\"width: 47.0383%;\"><a href=\"https:\/\/www.icpf.cas.cz\/wp-content\/uploads\/2023\/06\/Picture-3.jpg\" data-rel=\"lightbox-image-2\" data-rl_title=\"\" data-rl_caption=\"\" title=\"\"><img loading=\"lazy\" decoding=\"async\" class=\"wp-image-12219 alignright\" src=\"https:\/\/www.icpf.cas.cz\/wp-content\/uploads\/2023\/06\/Picture-3.jpg\" alt=\"\" width=\"248\" height=\"269\" srcset=\"https:\/\/www.icpf.cas.cz\/wp-content\/uploads\/2023\/06\/Picture-3.jpg 866w, https:\/\/www.icpf.cas.cz\/wp-content\/uploads\/2023\/06\/Picture-3-276x300.jpg 276w, https:\/\/www.icpf.cas.cz\/wp-content\/uploads\/2023\/06\/Picture-3-768x835.jpg 768w, https:\/\/www.icpf.cas.cz\/wp-content\/uploads\/2023\/06\/Picture-3-202x220.jpg 202w\" sizes=\"auto, (max-width: 248px) 100vw, 248px\" \/><\/a><\/td>\n<td style=\"width: 174.739%;\"><a href=\"https:\/\/www.icpf.cas.cz\/wp-content\/uploads\/2023\/06\/Picture-4.jpg\" data-rel=\"lightbox-image-3\" data-rl_title=\"\" data-rl_caption=\"\" title=\"\"><img loading=\"lazy\" decoding=\"async\" class=\"wp-image-12221 alignleft\" src=\"https:\/\/www.icpf.cas.cz\/wp-content\/uploads\/2023\/06\/Picture-4.jpg\" alt=\"\" width=\"274\" height=\"268\" srcset=\"https:\/\/www.icpf.cas.cz\/wp-content\/uploads\/2023\/06\/Picture-4.jpg 958w, https:\/\/www.icpf.cas.cz\/wp-content\/uploads\/2023\/06\/Picture-4-300x293.jpg 300w, https:\/\/www.icpf.cas.cz\/wp-content\/uploads\/2023\/06\/Picture-4-768x751.jpg 768w, https:\/\/www.icpf.cas.cz\/wp-content\/uploads\/2023\/06\/Picture-4-225x220.jpg 225w\" sizes=\"auto, (max-width: 274px) 100vw, 274px\" \/><\/a><\/td>\n<\/tr>\n<\/tbody>\n<\/table>\n<p class=\"Standard\" style=\"text-align: center;\"><span lang=\"EN-US\">3<sup>rd<\/sup> place: <a href=\"https:\/\/www.icpf.cas.cz\/zamestnanec\/automaticky-vytvoreny-koncept-21\/\" target=\"_blank\" rel=\"noopener\">Ing. Mark Terentyak<\/a> <em>Liquid mixing time and gas holdup in a bubble column bioreactor<\/em><\/span><\/p>\n<table style=\"width: 100.634%;\">\n<tbody>\n<tr>\n<td style=\"width: 46.7845%;\"><a href=\"https:\/\/www.icpf.cas.cz\/wp-content\/uploads\/2023\/06\/Picture-5.jpg\" data-rel=\"lightbox-image-4\" data-rl_title=\"\" data-rl_caption=\"\" title=\"\"><img loading=\"lazy\" decoding=\"async\" class=\"wp-image-12223 alignright\" src=\"https:\/\/www.icpf.cas.cz\/wp-content\/uploads\/2023\/06\/Picture-5-619x1024.jpg\" alt=\"\" width=\"155\" height=\"257\" srcset=\"https:\/\/www.icpf.cas.cz\/wp-content\/uploads\/2023\/06\/Picture-5-619x1024.jpg 619w, https:\/\/www.icpf.cas.cz\/wp-content\/uploads\/2023\/06\/Picture-5-181x300.jpg 181w, https:\/\/www.icpf.cas.cz\/wp-content\/uploads\/2023\/06\/Picture-5-768x1271.jpg 768w, https:\/\/www.icpf.cas.cz\/wp-content\/uploads\/2023\/06\/Picture-5-133x220.jpg 133w, https:\/\/www.icpf.cas.cz\/wp-content\/uploads\/2023\/06\/Picture-5.jpg 775w\" sizes=\"auto, (max-width: 155px) 100vw, 155px\" \/><\/a><\/td>\n<td style=\"width: 203.019%;\"><a href=\"https:\/\/www.icpf.cas.cz\/wp-content\/uploads\/2023\/06\/Picture-6.jpg\" data-rel=\"lightbox-image-5\" data-rl_title=\"\" data-rl_caption=\"\" title=\"\"><img loading=\"lazy\" decoding=\"async\" class=\"wp-image-12225 alignleft\" src=\"https:\/\/www.icpf.cas.cz\/wp-content\/uploads\/2023\/06\/Picture-6-1024x853.jpg\" alt=\"\" width=\"306\" height=\"255\" srcset=\"https:\/\/www.icpf.cas.cz\/wp-content\/uploads\/2023\/06\/Picture-6-1024x853.jpg 1024w, https:\/\/www.icpf.cas.cz\/wp-content\/uploads\/2023\/06\/Picture-6-300x250.jpg 300w, https:\/\/www.icpf.cas.cz\/wp-content\/uploads\/2023\/06\/Picture-6-768x639.jpg 768w, https:\/\/www.icpf.cas.cz\/wp-content\/uploads\/2023\/06\/Picture-6-264x220.jpg 264w, https:\/\/www.icpf.cas.cz\/wp-content\/uploads\/2023\/06\/Picture-6.jpg 1075w\" sizes=\"auto, (max-width: 306px) 100vw, 306px\" \/><\/a><\/td>\n<\/tr>\n<\/tbody>\n<\/table>\n<p style=\"text-align: center;\">I<span class=\"HwtZe\" lang=\"en\"><span class=\"jCAhz ChMk0b\"><span class=\"ryNqvb\">n 4<sup>th<\/sup> place narrowly placed<\/span><\/span><\/span> <a href=\"https:\/\/www.icpf.cas.cz\/zamestnanec\/sedmihradska-anezka\/\" target=\"_blank\" rel=\"noopener\">Ing. Ane\u017eka Sedmihradsk\u00e1<\/a> <em>Properties and use of high-temperature biochar,<\/em> and in 5<sup>th<\/sup> place <a href=\"https:\/\/www.icpf.cas.cz\/zamestnanec\/automaticky-vytvoreny-koncept-44\/\" target=\"_blank\" rel=\"noopener\">Mgr. Anna Pa\u0159\u00edkov\u00e1<\/a> <em>Separation of exosomes from polydisperse suspension in microfluidic devices<\/em><\/p>\n<table style=\"width: 101.081%;\">\n<tbody>\n<tr>\n<td style=\"width: 52.9897%;\"><a href=\"https:\/\/www.icpf.cas.cz\/wp-content\/uploads\/2023\/06\/Picture-7.jpg\" data-rel=\"lightbox-image-6\" data-rl_title=\"\" data-rl_caption=\"\" title=\"\"><img loading=\"lazy\" decoding=\"async\" class=\"wp-image-12227 alignright\" src=\"https:\/\/www.icpf.cas.cz\/wp-content\/uploads\/2023\/06\/Picture-7-1024x960.jpg\" alt=\"\" width=\"236\" height=\"221\" srcset=\"https:\/\/www.icpf.cas.cz\/wp-content\/uploads\/2023\/06\/Picture-7-1024x960.jpg 1024w, https:\/\/www.icpf.cas.cz\/wp-content\/uploads\/2023\/06\/Picture-7-300x281.jpg 300w, https:\/\/www.icpf.cas.cz\/wp-content\/uploads\/2023\/06\/Picture-7-768x720.jpg 768w, https:\/\/www.icpf.cas.cz\/wp-content\/uploads\/2023\/06\/Picture-7-235x220.jpg 235w, https:\/\/www.icpf.cas.cz\/wp-content\/uploads\/2023\/06\/Picture-7.jpg 1120w\" sizes=\"auto, (max-width: 236px) 100vw, 236px\" \/><\/a><\/td>\n<td style=\"width: 210.103%;\"><a href=\"https:\/\/www.icpf.cas.cz\/wp-content\/uploads\/2023\/06\/Picture-8.jpg\" data-rel=\"lightbox-image-7\" data-rl_title=\"\" data-rl_caption=\"\" title=\"\"><img loading=\"lazy\" decoding=\"async\" class=\"wp-image-12229 alignleft\" src=\"https:\/\/www.icpf.cas.cz\/wp-content\/uploads\/2023\/06\/Picture-8-894x1024.jpg\" alt=\"\" width=\"198\" height=\"227\" srcset=\"https:\/\/www.icpf.cas.cz\/wp-content\/uploads\/2023\/06\/Picture-8-894x1024.jpg 894w, https:\/\/www.icpf.cas.cz\/wp-content\/uploads\/2023\/06\/Picture-8-262x300.jpg 262w, https:\/\/www.icpf.cas.cz\/wp-content\/uploads\/2023\/06\/Picture-8-768x879.jpg 768w, https:\/\/www.icpf.cas.cz\/wp-content\/uploads\/2023\/06\/Picture-8-192x220.jpg 192w, https:\/\/www.icpf.cas.cz\/wp-content\/uploads\/2023\/06\/Picture-8.jpg 924w\" sizes=\"auto, (max-width: 198px) 100vw, 198px\" \/><\/a><\/td>\n<\/tr>\n<\/tbody>\n<\/table>\n<p style=\"text-align: center;\">Ane\u017eka Sedmihradsk\u00e1\u00a0 \u00a0 \u00a0 \u00a0 \u00a0 \u00a0 \u00a0 \u00a0 \u00a0 \u00a0 \u00a0Anna Pa\u0159\u00edkov\u00e1<\/p>\n<p>&nbsp;<\/p>\n<p class=\"Standard\" style=\"text-align: center;\"><strong>Second- to Third-year Students<\/strong><\/p>\n<p class=\"Standard\" style=\"text-align: center;\"><span lang=\"EN-US\">1<sup>st<\/sup> place: <a href=\"https:\/\/www.icpf.cas.cz\/zamestnanec\/automaticky-vytvoreny-koncept-17\/\" target=\"_blank\" rel=\"noopener\">Mgr. Lenka Such\u00e1nkov\u00e1<\/a> <em>The effect of meteorology and aerosol size distribution on light scattering properties at a rural background site in Central Europe<\/em><\/span><\/p>\n<p><a href=\"https:\/\/www.icpf.cas.cz\/wp-content\/uploads\/2023\/06\/Picture-9.jpg\" data-rel=\"lightbox-image-8\" data-rl_title=\"\" data-rl_caption=\"\" title=\"\"><img loading=\"lazy\" decoding=\"async\" class=\"wp-image-12234 aligncenter\" src=\"https:\/\/www.icpf.cas.cz\/wp-content\/uploads\/2023\/06\/Picture-9-1024x632.jpg\" alt=\"\" width=\"425\" height=\"262\" srcset=\"https:\/\/www.icpf.cas.cz\/wp-content\/uploads\/2023\/06\/Picture-9-1024x632.jpg 1024w, https:\/\/www.icpf.cas.cz\/wp-content\/uploads\/2023\/06\/Picture-9-300x185.jpg 300w, https:\/\/www.icpf.cas.cz\/wp-content\/uploads\/2023\/06\/Picture-9-768x474.jpg 768w, https:\/\/www.icpf.cas.cz\/wp-content\/uploads\/2023\/06\/Picture-9-356x220.jpg 356w, https:\/\/www.icpf.cas.cz\/wp-content\/uploads\/2023\/06\/Picture-9.jpg 1483w\" sizes=\"auto, (max-width: 425px) 100vw, 425px\" \/><\/a><\/p>\n<p class=\"Standard\" style=\"text-align: center;\"><span lang=\"EN-US\">2<sup>nd<\/sup> place: <a href=\"https:\/\/www.icpf.cas.cz\/zamestnanec\/automaticky-vytvoreny-koncept-6\/\" target=\"_blank\" rel=\"noopener\">Ing. Jan \u010c\u00ed\u017eek<\/a> <em>Chiral anion exchanger based on \u03b1-methyl benzylamine for enantioselective separation of racemic acids<\/em><\/span><\/p>\n<table style=\"width: 101.872%;\">\n<tbody>\n<tr>\n<td style=\"width: 48.552%;\"><a href=\"https:\/\/www.icpf.cas.cz\/wp-content\/uploads\/2023\/06\/Picture-10.jpg\" data-rel=\"lightbox-image-9\" data-rl_title=\"\" data-rl_caption=\"\" title=\"\"><img loading=\"lazy\" decoding=\"async\" class=\"wp-image-12236 alignright\" src=\"https:\/\/www.icpf.cas.cz\/wp-content\/uploads\/2023\/06\/Picture-10.jpg\" alt=\"\" width=\"262\" height=\"239\" srcset=\"https:\/\/www.icpf.cas.cz\/wp-content\/uploads\/2023\/06\/Picture-10.jpg 891w, https:\/\/www.icpf.cas.cz\/wp-content\/uploads\/2023\/06\/Picture-10-300x273.jpg 300w, https:\/\/www.icpf.cas.cz\/wp-content\/uploads\/2023\/06\/Picture-10-768x700.jpg 768w, https:\/\/www.icpf.cas.cz\/wp-content\/uploads\/2023\/06\/Picture-10-241x220.jpg 241w\" sizes=\"auto, (max-width: 262px) 100vw, 262px\" \/><\/a><\/td>\n<td style=\"width: 169.676%;\"><a href=\"https:\/\/www.icpf.cas.cz\/wp-content\/uploads\/2023\/06\/Picture-11.jpg\" data-rel=\"lightbox-image-10\" data-rl_title=\"\" data-rl_caption=\"\" title=\"\"><img loading=\"lazy\" decoding=\"async\" class=\"wp-image-12238 alignleft\" src=\"https:\/\/www.icpf.cas.cz\/wp-content\/uploads\/2023\/06\/Picture-11.jpg\" alt=\"\" width=\"271\" height=\"238\" srcset=\"https:\/\/www.icpf.cas.cz\/wp-content\/uploads\/2023\/06\/Picture-11.jpg 908w, https:\/\/www.icpf.cas.cz\/wp-content\/uploads\/2023\/06\/Picture-11-300x263.jpg 300w, https:\/\/www.icpf.cas.cz\/wp-content\/uploads\/2023\/06\/Picture-11-768x672.jpg 768w, https:\/\/www.icpf.cas.cz\/wp-content\/uploads\/2023\/06\/Picture-11-251x220.jpg 251w\" sizes=\"auto, (max-width: 271px) 100vw, 271px\" \/><\/a><\/td>\n<\/tr>\n<\/tbody>\n<\/table>\n<p style=\"text-align: center;\">3<sup>rd<\/sup> places: <a href=\"https:\/\/www.icpf.cas.cz\/zamestnanec\/automaticky-vytvoreny-koncept-11\/\" target=\"_blank\" rel=\"noopener\">Ing. Karolina Salvadori<\/a> <em>Utilization of electrochemically induced cleavage of various sulfonimides<\/em> ex aequo with <a href=\"https:\/\/www.icpf.cas.cz\/zamestnanec\/automaticky-vytvoreny-koncept-29\/\" target=\"_blank\" rel=\"noopener\">Mgr. Petrou Mu\u0161\u00e1lkovou<\/a> <em>Use of photoautotrophic microorganisms in the bioremediation of surface waters<\/em><\/p>\n<table style=\"width: 100.839%;\">\n<tbody>\n<tr>\n<td style=\"width: 28.5978%;\"><a href=\"https:\/\/www.icpf.cas.cz\/wp-content\/uploads\/2023\/06\/Picture-12.jpg\" data-rel=\"lightbox-image-11\" data-rl_title=\"\" data-rl_caption=\"\" title=\"\"><img loading=\"lazy\" decoding=\"async\" class=\"wp-image-12240 alignright\" src=\"https:\/\/www.icpf.cas.cz\/wp-content\/uploads\/2023\/06\/Picture-12-1024x759.jpg\" alt=\"\" width=\"291\" height=\"216\" srcset=\"https:\/\/www.icpf.cas.cz\/wp-content\/uploads\/2023\/06\/Picture-12-1024x759.jpg 1024w, https:\/\/www.icpf.cas.cz\/wp-content\/uploads\/2023\/06\/Picture-12-300x222.jpg 300w, https:\/\/www.icpf.cas.cz\/wp-content\/uploads\/2023\/06\/Picture-12-768x569.jpg 768w, https:\/\/www.icpf.cas.cz\/wp-content\/uploads\/2023\/06\/Picture-12-297x220.jpg 297w, https:\/\/www.icpf.cas.cz\/wp-content\/uploads\/2023\/06\/Picture-12.jpg 1033w\" sizes=\"auto, (max-width: 291px) 100vw, 291px\" \/><\/a><\/td>\n<td style=\"width: 26.7528%;\"><a href=\"https:\/\/www.icpf.cas.cz\/wp-content\/uploads\/2023\/06\/Picture-13.jpg\" data-rel=\"lightbox-image-12\" data-rl_title=\"\" data-rl_caption=\"\" title=\"\"><img loading=\"lazy\" decoding=\"async\" class=\"wp-image-12242 alignleft\" src=\"https:\/\/www.icpf.cas.cz\/wp-content\/uploads\/2023\/06\/Picture-13.jpg\" alt=\"\" width=\"271\" height=\"219\" srcset=\"https:\/\/www.icpf.cas.cz\/wp-content\/uploads\/2023\/06\/Picture-13.jpg 937w, https:\/\/www.icpf.cas.cz\/wp-content\/uploads\/2023\/06\/Picture-13-300x243.jpg 300w, https:\/\/www.icpf.cas.cz\/wp-content\/uploads\/2023\/06\/Picture-13-768x621.jpg 768w, https:\/\/www.icpf.cas.cz\/wp-content\/uploads\/2023\/06\/Picture-13-272x220.jpg 272w\" sizes=\"auto, (max-width: 271px) 100vw, 271px\" \/><\/a><\/td>\n<td style=\"width: 15.6827%;\"><a href=\"https:\/\/www.icpf.cas.cz\/wp-content\/uploads\/2023\/06\/Picture-14.jpg\" data-rel=\"lightbox-image-13\" data-rl_title=\"\" data-rl_caption=\"\" title=\"\"><img loading=\"lazy\" decoding=\"async\" class=\"wp-image-12244 alignright\" src=\"https:\/\/www.icpf.cas.cz\/wp-content\/uploads\/2023\/06\/Picture-14-703x1024.jpg\" alt=\"\" width=\"151\" height=\"220\" srcset=\"https:\/\/www.icpf.cas.cz\/wp-content\/uploads\/2023\/06\/Picture-14-703x1024.jpg 703w, https:\/\/www.icpf.cas.cz\/wp-content\/uploads\/2023\/06\/Picture-14-206x300.jpg 206w, https:\/\/www.icpf.cas.cz\/wp-content\/uploads\/2023\/06\/Picture-14-768x1119.jpg 768w, https:\/\/www.icpf.cas.cz\/wp-content\/uploads\/2023\/06\/Picture-14-151x220.jpg 151w, https:\/\/www.icpf.cas.cz\/wp-content\/uploads\/2023\/06\/Picture-14.jpg 841w\" sizes=\"auto, (max-width: 151px) 100vw, 151px\" \/><\/a><\/td>\n<td style=\"width: 46.8071%;\"><a href=\"https:\/\/www.icpf.cas.cz\/wp-content\/uploads\/2023\/06\/Picture-15.jpg\" data-rel=\"lightbox-image-14\" data-rl_title=\"\" data-rl_caption=\"\" title=\"\"><img loading=\"lazy\" decoding=\"async\" class=\"wp-image-12246 alignleft\" src=\"https:\/\/www.icpf.cas.cz\/wp-content\/uploads\/2023\/06\/Picture-15-1024x818.jpg\" alt=\"\" width=\"283\" height=\"226\" srcset=\"https:\/\/www.icpf.cas.cz\/wp-content\/uploads\/2023\/06\/Picture-15-1024x818.jpg 1024w, https:\/\/www.icpf.cas.cz\/wp-content\/uploads\/2023\/06\/Picture-15-300x240.jpg 300w, https:\/\/www.icpf.cas.cz\/wp-content\/uploads\/2023\/06\/Picture-15-768x614.jpg 768w, https:\/\/www.icpf.cas.cz\/wp-content\/uploads\/2023\/06\/Picture-15-275x220.jpg 275w, https:\/\/www.icpf.cas.cz\/wp-content\/uploads\/2023\/06\/Picture-15.jpg 1225w\" sizes=\"auto, (max-width: 283px) 100vw, 283px\" \/><\/a><\/td>\n<\/tr>\n<\/tbody>\n<\/table>\n<p style=\"text-align: center;\">Karolina Salvadori\u00a0 \u00a0 \u00a0 \u00a0 \u00a0 \u00a0 \u00a0 \u00a0 \u00a0 \u00a0 \u00a0 \u00a0 \u00a0 \u00a0 \u00a0 \u00a0 \u00a0 \u00a0 \u00a0 \u00a0 \u00a0 \u00a0 \u00a0 \u00a0 \u00a0 \u00a0 \u00a0 \u00a0 \u00a0 \u00a0 \u00a0 \u00a0 \u00a0 \u00a0 \u00a0 \u00a0 \u00a0 \u00a0 \u00a0 \u00a0 \u00a0 \u00a0 \u00a0 \u00a0 \u00a0Petra Mu\u0161\u00e1lkov\u00e1<\/p>\n<p><span class=\"HwtZe\" lang=\"en\"><span class=\"jCAhz ChMk0b\"><span class=\"ryNqvb\">Behind them, in 4<sup>th<\/sup> place, was<\/span><\/span><\/span> <a href=\"https:\/\/www.icpf.cas.cz\/zamestnanec\/automaticky-vytvoreny-koncept-4\/\" target=\"_blank\" rel=\"noopener\">Ing. Mat\u011bj Hu\u0161ek<\/a> <em>Organic fluorine content and change during thermal treatment,<\/em> and in 5<sup>th<\/sup> place <a href=\"https:\/\/www.icpf.cas.cz\/zamestnanec\/automaticky-vytvoreny-koncept-26\/\" target=\"_blank\" rel=\"noopener\">MSc. Kajal Julaha<\/a> <em>Intercomparison of boundary layer and mixing layer height from models and ground-based measurements<\/em>.<\/p>\n<p><a href=\"https:\/\/www.icpf.cas.cz\/wp-content\/uploads\/2023\/06\/Picture-16.jpg\" data-rel=\"lightbox-image-15\" data-rl_title=\"\" data-rl_caption=\"\" title=\"\"><img loading=\"lazy\" decoding=\"async\" class=\"wp-image-12248 aligncenter\" src=\"https:\/\/www.icpf.cas.cz\/wp-content\/uploads\/2023\/06\/Picture-16-924x1024.jpg\" alt=\"\" width=\"207\" height=\"230\" srcset=\"https:\/\/www.icpf.cas.cz\/wp-content\/uploads\/2023\/06\/Picture-16-924x1024.jpg 924w, https:\/\/www.icpf.cas.cz\/wp-content\/uploads\/2023\/06\/Picture-16-271x300.jpg 271w, https:\/\/www.icpf.cas.cz\/wp-content\/uploads\/2023\/06\/Picture-16-768x851.jpg 768w, https:\/\/www.icpf.cas.cz\/wp-content\/uploads\/2023\/06\/Picture-16-199x220.jpg 199w, https:\/\/www.icpf.cas.cz\/wp-content\/uploads\/2023\/06\/Picture-16.jpg 1083w\" sizes=\"auto, (max-width: 207px) 100vw, 207px\" \/><\/a><\/p>\n<p>&nbsp;<\/p>\n<p style=\"text-align: center;\"><strong>Fourth-year Students<\/strong><\/p>\n<p style=\"text-align: center;\">1<sup>st<\/sup> place: <a href=\"https:\/\/www.icpf.cas.cz\/zamestnanec\/bc-kurfirt-martin\/\" target=\"_blank\" rel=\"noopener\">Ing, Martin Kurfi\u0159t<\/a> <em>Detailed Investigation of Human Galectins -1 and -3 by employing selectively deoxyfluorinated N-acetyllactosamines<\/em><\/p>\n<table style=\"width: 100.703%;\">\n<tbody>\n<tr>\n<td style=\"width: 46.6476%;\"><a href=\"https:\/\/www.icpf.cas.cz\/wp-content\/uploads\/2023\/06\/Picture-17.jpg\" data-rel=\"lightbox-image-16\" data-rl_title=\"\" data-rl_caption=\"\" title=\"\"><img loading=\"lazy\" decoding=\"async\" class=\"alignright wp-image-12262\" src=\"https:\/\/www.icpf.cas.cz\/wp-content\/uploads\/2023\/06\/Picture-17.jpg\" alt=\"\" width=\"307\" height=\"265\" srcset=\"https:\/\/www.icpf.cas.cz\/wp-content\/uploads\/2023\/06\/Picture-17.jpg 854w, https:\/\/www.icpf.cas.cz\/wp-content\/uploads\/2023\/06\/Picture-17-300x259.jpg 300w, https:\/\/www.icpf.cas.cz\/wp-content\/uploads\/2023\/06\/Picture-17-768x663.jpg 768w, https:\/\/www.icpf.cas.cz\/wp-content\/uploads\/2023\/06\/Picture-17-255x220.jpg 255w\" sizes=\"auto, (max-width: 307px) 100vw, 307px\" \/><\/a><\/td>\n<td style=\"width: 135.378%;\"><a href=\"https:\/\/www.icpf.cas.cz\/wp-content\/uploads\/2023\/06\/Picture-18.jpg\" data-rel=\"lightbox-image-17\" data-rl_title=\"\" data-rl_caption=\"\" title=\"\"><img loading=\"lazy\" decoding=\"async\" class=\"alignnone wp-image-12264\" src=\"https:\/\/www.icpf.cas.cz\/wp-content\/uploads\/2023\/06\/Picture-18.jpg\" alt=\"\" width=\"362\" height=\"254\" srcset=\"https:\/\/www.icpf.cas.cz\/wp-content\/uploads\/2023\/06\/Picture-18.jpg 1016w, https:\/\/www.icpf.cas.cz\/wp-content\/uploads\/2023\/06\/Picture-18-300x210.jpg 300w, https:\/\/www.icpf.cas.cz\/wp-content\/uploads\/2023\/06\/Picture-18-768x538.jpg 768w, https:\/\/www.icpf.cas.cz\/wp-content\/uploads\/2023\/06\/Picture-18-314x220.jpg 314w\" sizes=\"auto, (max-width: 362px) 100vw, 362px\" \/><\/a><\/td>\n<\/tr>\n<\/tbody>\n<\/table>\n<div data-label=\"h1\">\n<p class=\"Standard\" style=\"text-align: center;\"><span lang=\"EN-US\">2<sup>nd<\/sup> place: <a href=\"https:\/\/www.icpf.cas.cz\/zamestnanec\/ing-hamala-vojtech\/\" target=\"_blank\" rel=\"noopener\">Ing. Vojt\u011bch Hamala<\/a> <em>Organoruthenium glycomimetics as selective galectin-1 inhibitors<\/em><\/span><\/p>\n<p><a href=\"https:\/\/www.icpf.cas.cz\/wp-content\/uploads\/2023\/06\/Picture-19.jpg\" data-rel=\"lightbox-image-18\" data-rl_title=\"\" data-rl_caption=\"\" title=\"\"><img loading=\"lazy\" decoding=\"async\" class=\"wp-image-12266 aligncenter\" src=\"https:\/\/www.icpf.cas.cz\/wp-content\/uploads\/2023\/06\/Picture-19-852x1024.jpg\" alt=\"\" width=\"229\" height=\"275\" srcset=\"https:\/\/www.icpf.cas.cz\/wp-content\/uploads\/2023\/06\/Picture-19-852x1024.jpg 852w, https:\/\/www.icpf.cas.cz\/wp-content\/uploads\/2023\/06\/Picture-19-250x300.jpg 250w, https:\/\/www.icpf.cas.cz\/wp-content\/uploads\/2023\/06\/Picture-19-768x923.jpg 768w, https:\/\/www.icpf.cas.cz\/wp-content\/uploads\/2023\/06\/Picture-19-183x220.jpg 183w, https:\/\/www.icpf.cas.cz\/wp-content\/uploads\/2023\/06\/Picture-19.jpg 1050w\" sizes=\"auto, (max-width: 229px) 100vw, 229px\" \/><\/a><\/div>\n<div data-label=\"h1\">\n<p class=\"Standard\" style=\"text-align: center;\"><span lang=\"EN-US\">3<sup>rd<\/sup> place: <a href=\"https:\/\/www.icpf.cas.cz\/zamestnanec\/m-sc-bourassi-mahdi\/\" target=\"_blank\" rel=\"noopener\">Mahdi Bourassi, MSc.<\/a> <em>How can we best eliminate pharmaceuticals from wastewater?<\/em><\/span><\/p>\n<p><a href=\"https:\/\/www.icpf.cas.cz\/wp-content\/uploads\/2023\/06\/Picture-20.jpg\" data-rel=\"lightbox-image-19\" data-rl_title=\"\" data-rl_caption=\"\" title=\"\"><img loading=\"lazy\" decoding=\"async\" class=\"wp-image-12268 aligncenter\" src=\"https:\/\/www.icpf.cas.cz\/wp-content\/uploads\/2023\/06\/Picture-20-859x1024.jpg\" alt=\"\" width=\"247\" height=\"295\" srcset=\"https:\/\/www.icpf.cas.cz\/wp-content\/uploads\/2023\/06\/Picture-20-859x1024.jpg 859w, https:\/\/www.icpf.cas.cz\/wp-content\/uploads\/2023\/06\/Picture-20-252x300.jpg 252w, https:\/\/www.icpf.cas.cz\/wp-content\/uploads\/2023\/06\/Picture-20-768x915.jpg 768w, https:\/\/www.icpf.cas.cz\/wp-content\/uploads\/2023\/06\/Picture-20-185x220.jpg 185w, https:\/\/www.icpf.cas.cz\/wp-content\/uploads\/2023\/06\/Picture-20.jpg 1112w\" sizes=\"auto, (max-width: 247px) 100vw, 247px\" \/><\/a><\/p>\n<\/div>\n","protected":false},"excerpt":{"rendered":"<p>The Ba\u017eant Postgraduate Conference took place on May 31 and June 1, 2023. The evaluation committee (for the KVV: M. Bendov\u00e1, R. Fajgar, K. Soukup, J. Tihon, and I. Br\u00e1nyikov\u00e1; external members: Prof. Pavl\u00edna Basa\u0159ov\u00e1 from the UCT Prague and Assoc. Prof. Ji\u0159\u00ed Miky\u0161ka from the CTU) assessed 22 contributions in three categories. Ba\u017eant Conference&hellip;<\/p>\n","protected":false},"author":19,"featured_media":0,"parent":17868,"menu_order":0,"comment_status":"closed","ping_status":"closed","template":"","meta":{"_acf_changed":false,"footnotes":""},"class_list":["post-17939","page","type-page","status-publish","hentry"],"acf":[],"_links":{"self":[{"href":"https:\/\/www.icpf.cas.cz\/en\/wp-json\/wp\/v2\/pages\/17939","targetHints":{"allow":["GET"]}}],"collection":[{"href":"https:\/\/www.icpf.cas.cz\/en\/wp-json\/wp\/v2\/pages"}],"about":[{"href":"https:\/\/www.icpf.cas.cz\/en\/wp-json\/wp\/v2\/types\/page"}],"author":[{"embeddable":true,"href":"https:\/\/www.icpf.cas.cz\/en\/wp-json\/wp\/v2\/users\/19"}],"replies":[{"embeddable":true,"href":"https:\/\/www.icpf.cas.cz\/en\/wp-json\/wp\/v2\/comments?post=17939"}],"version-history":[{"count":11,"href":"https:\/\/www.icpf.cas.cz\/en\/wp-json\/wp\/v2\/pages\/17939\/revisions"}],"predecessor-version":[{"id":18184,"href":"https:\/\/www.icpf.cas.cz\/en\/wp-json\/wp\/v2\/pages\/17939\/revisions\/18184"}],"up":[{"embeddable":true,"href":"https:\/\/www.icpf.cas.cz\/en\/wp-json\/wp\/v2\/pages\/17868"}],"wp:attachment":[{"href":"https:\/\/www.icpf.cas.cz\/en\/wp-json\/wp\/v2\/media?parent=17939"}],"curies":[{"name":"wp","href":"https:\/\/api.w.org\/{rel}","templated":true}]}}